{"id":207,"date":"2015-05-03T18:27:02","date_gmt":"2015-05-03T16:27:02","guid":{"rendered":"http:\/\/skldjugend.bplaced.net\/wordpress\/?page_id=207"},"modified":"2015-05-03T18:29:15","modified_gmt":"2015-05-03T16:29:15","slug":"jugendpfingstturnier-2015","status":"publish","type":"page","link":"http:\/\/skldjugend.bplaced.net\/wordpress\/jugendpfingstturnier-2015\/","title":{"rendered":"Jugendpfingstturnier 2015"},"content":{"rendered":"<h1><strong><u> Jugend-Pfingst-Turnier 2015<\/u><\/strong><\/h1>\n<p>&nbsp;<\/p>\n<blockquote>\n<ul>\n<li><a href=\"http:\/\/jpt.bplaced.net\/wp-content\/uploads\/2015\/04\/EinverstaendniserklaerungEltern.pdf\" target=\"_blank\"> Einverst\u00e4ndniserkl\u00e4rung beider Elternteile<\/a><\/li>\n<li><a href=\"http:\/\/jpt.bplaced.net\/wp-content\/uploads\/2015\/04\/EinverstaendniserklaerungSorgeberechtigt.pdf\" target=\"_blank\">Einverst\u00e4ndniserkl\u00e4rung des sorgeberechtigten Elternteiles<\/a><\/li>\n<\/ul>\n<\/blockquote>\n<p>&nbsp;<\/p>\n<p style=\"text-align: justify;\"><strong> Jugend-Pfingst-Turnier findet vom 23. &#8211; 25. Mai 2015 im Sch\u00fctzenkreis Landau auf der Schie\u00dfanlage des SV Herxheim statt.<\/strong><\/p>\n<p style=\"text-align: justify;\"><strong> Die Jugendlichen \u00fcbernachten in der Turnhalle der Grundschule Herxheim (Bonifatiusstra\u00dfe 22 \/ Kolpingstra\u00dfe 1, 76863 Herxheim).<\/strong><\/p>\n<p>&nbsp;<\/p>\n<h5><span style=\"color: #000000;\">N\u00e4here Informationen findet ihr auf der <\/span><\/h5>\n<h5><a href=\"http:\/\/jpt.bplaced.net\" target=\"_blank\"><span style=\"color: #000000;\">Jugend &#8211; Pfingst &#8211; Turnier Seite<\/span><\/a><\/h5>\n<p>&nbsp;<\/p>\n<p align=\"center\">Geschossen wird auf der Standanlage des <a href=\"http:\/\/www.sv-herxheim.de\/\" target=\"_blank\">Sch\u00fctzenverein Herxheim<\/a><\/p>\n<p align=\"center\">Sankt-Christophorus-Strasse 14, 76863 Herxheim.<\/p>\n<div align=\"center\">\n<table border=\"0\" width=\"50%\">\n<tbody>\n<tr>\n<td>\n<p align=\"center\"><!--webbot bot=\"HTMLMarkup\" startspan --><iframe loading=\"lazy\" style=\"border: 0px none;\" src=\"https:\/\/www.google.com\/maps\/embed?pb=%211m17%211m11%211m3%211d1344.4859963433796%212d8.222130037000078%213d49.13599720438735%212m2%211f0%212f0%213m2%211i1024%212i768%214f13.1%213m3%211m2%211s0x4796548ba43bdb29%3A0xb7a3e6e5be10c13a%212sSch%C3%BCtzenverein+Herxheim+e.V.%215e1%213m2%211sde%212sde%214v1400963810584\" width=\"600\" height=\"450\" frameborder=\"0\"><\/iframe><!--webbot bot=\"HTMLMarkup\" endspan --><\/p>\n<p align=\"center\">Lage des Sch\u00fctzenhauses<\/p>\n<\/td>\n<\/tr>\n<\/tbody>\n<\/table>\n<p>Die Jugend \u00fcbernachtet in der Sporthalle der Grundschule Herxheim<\/p>\n<\/div>\n<div align=\"center\">\n<p><span style=\"font-size: 9pt;\">Bonifatiusstra\u00dfe 22, 76863 Herxheim<\/span>.<\/p>\n<table border=\"0\" width=\"50%\">\n<tbody>\n<tr>\n<td>\n<p align=\"center\"><!--webbot bot=\"HTMLMarkup\" startspan --><iframe loading=\"lazy\" style=\"border: 0px none;\" src=\"https:\/\/www.google.com\/maps\/embed?pb=!1m18!1m12!1m3!1d1558.7849283316405!2d8.216546299999997!3d49.144267299999996!2m3!1f0!2f0!3f0!3m2!1i1024!2i768!4f13.1!3m3!1m2!1s0x0%3A0x0!2zNDnCsDA4JzM5LjQiTiA4wrAxMic1OS42IkU!5e1!3m2!1sde!2sde!4v1429411074278\" width=\"600\" height=\"450\" frameborder=\"0\"><\/iframe><!--webbot bot=\"HTMLMarkup\" endspan --><\/p>\n<p align=\"center\">Lage der Turnhalle<\/p>\n<\/td>\n<\/tr>\n<\/tbody>\n<\/table>\n<\/div>\n<p align=\"center\"><span style=\"font-size: 9pt;\">F\u00fcr die Betreuer ist die \u00dcbernachtung im <a href=\"http:\/\/www.marienpfalz.de\/index.html\" target=\"_blank\">Sch\u00f6nstatt &#8211; Zentrum<\/a>, <\/span><span style=\"font-size: 9pt;\"><br \/>\n<span class=\"SpellE\">Josef-Kentenich-Weg<\/span> 1, 76863 Herxheim bei Landau\/Pfalz <\/span><span style=\"font-size: 9pt;\">vorgesehen.<\/span><\/p>\n<div align=\"center\">\n<table border=\"0\" width=\"50%\">\n<tbody>\n<tr>\n<td>\n<p align=\"center\"><iframe loading=\"lazy\" style=\"border: 0px none;\" src=\"https:\/\/www.google.com\/maps\/embed?pb=!1m18!1m12!1m3!1d1606.511303690704!2d8.20463439826967!3d49.14295557719984!2m3!1f0!2f0!3f0!3m2!1i1024!2i768!4f13.1!3m3!1m2!1s0x4796546e50b688eb%3A0x54d5c2437a020c71!2sMarienpfalz!5e1!3m2!1sde!2sde!4v1413580194558\" width=\"600\" height=\"450\" frameborder=\"0\"><\/iframe><!--webbot bot=\"HTMLMarkup\" endspan --><\/p>\n<p align=\"center\">Lage des Sch\u00f6nstatt &#8211; Zentrums<\/p>\n<\/td>\n<\/tr>\n<\/tbody>\n<\/table>\n<\/div>\n","protected":false},"excerpt":{"rendered":"<p>Jugend-Pfingst-Turnier 2015 &nbsp; Einverst\u00e4ndniserkl\u00e4rung beider Elternteile Einverst\u00e4ndniserkl\u00e4rung des sorgeberechtigten Elternteiles &nbsp; Jugend-Pfingst-Turnier findet vom 23. &#8211; 25. Mai 2015 im Sch\u00fctzenkreis Landau auf der Schie\u00dfanlage des SV Herxheim statt. Die Jugendlichen \u00fcbernachten in der Turnhalle der Grundschule Herxheim (Bonifatiusstra\u00dfe 22&hellip; <\/p>\n","protected":false},"author":4,"featured_media":0,"parent":0,"menu_order":0,"comment_status":"closed","ping_status":"closed","template":"","meta":{"footnotes":""},"class_list":["post-207","page","type-page","status-publish","hentry"],"_links":{"self":[{"href":"http:\/\/skldjugend.bplaced.net\/wordpress\/wp-json\/wp\/v2\/pages\/207","targetHints":{"allow":["GET"]}}],"collection":[{"href":"http:\/\/skldjugend.bplaced.net\/wordpress\/wp-json\/wp\/v2\/pages"}],"about":[{"href":"http:\/\/skldjugend.bplaced.net\/wordpress\/wp-json\/wp\/v2\/types\/page"}],"author":[{"embeddable":true,"href":"http:\/\/skldjugend.bplaced.net\/wordpress\/wp-json\/wp\/v2\/users\/4"}],"replies":[{"embeddable":true,"href":"http:\/\/skldjugend.bplaced.net\/wordpress\/wp-json\/wp\/v2\/comments?post=207"}],"version-history":[{"count":2,"href":"http:\/\/skldjugend.bplaced.net\/wordpress\/wp-json\/wp\/v2\/pages\/207\/revisions"}],"predecessor-version":[{"id":1035,"href":"http:\/\/skldjugend.bplaced.net\/wordpress\/wp-json\/wp\/v2\/pages\/207\/revisions\/1035"}],"wp:attachment":[{"href":"http:\/\/skldjugend.bplaced.net\/wordpress\/wp-json\/wp\/v2\/media?parent=207"}],"curies":[{"name":"wp","href":"https:\/\/api.w.org\/{rel}","templated":true}]}}